{"id":5675,"date":"2022-09-19T07:30:07","date_gmt":"2022-09-19T07:30:07","guid":{"rendered":"https:\/\/www.pgadvocats.com\/politica-de-privacidad\/"},"modified":"2022-09-19T07:30:07","modified_gmt":"2022-09-19T07:30:07","slug":"politica-de-privacidad","status":"publish","type":"page","link":"https:\/\/www.pgadvocats.com\/es\/politica-de-privacidad\/","title":{"rendered":"Pol\u00edtica de privacidad"},"content":{"rendered":"<div class=\"fusion-fullwidth fullwidth-box fusion-builder-row-1 fusion-flex-container nonhundred-percent-fullwidth non-hundred-percent-height-scrolling\" style=\"--awb-border-radius-top-left:0px;--awb-border-radius-top-right:0px;--awb-border-radius-bottom-right:0px;--awb-border-radius-bottom-left:0px;\" ><div class=\"fusion-builder-row fusion-row fusion-flex-align-items-flex-start\" style=\"max-width:1248px;margin-left: calc(-4% \/ 2 );margin-right: calc(-4% \/ 2 );\"><div class=\"fusion-layout-column fusion_builder_column fusion-builder-column-0 fusion_builder_column_1_1 1_1 fusion-flex-column\" style=\"--awb-bg-blend:overlay;--awb-bg-size:cover;--awb-width-large:100%;--awb-margin-top-large:0px;--awb-spacing-right-large:1.92%;--awb-margin-bottom-large:0px;--awb-spacing-left-large:1.92%;--awb-width-medium:100%;--awb-spacing-right-medium:1.92%;--awb-spacing-left-medium:1.92%;--awb-width-small:100%;--awb-spacing-right-small:1.92%;--awb-spacing-left-small:1.92%;\"><div class=\"fusion-column-wrapper fusion-flex-justify-content-flex-start fusion-content-layout-column\"><div class=\"fusion-text fusion-text-1\"><h1 class=\"fusion-responsive-typography-calculated\" style=\"--fontsize: 30; line-height: 1.2;\" data-fontsize=\"30\" data-lineheight=\"36px\"><span style=\"font-weight: 400;\">Pol\u00edtica de privacidad<\/span><\/h1>\n<h5 class=\"fusion-responsive-typography-calculated\" style=\"--fontsize: 20; line-height: 1.2; --minfontsize: 20;\" data-fontsize=\"20\" data-lineheight=\"24px\"><span style=\"font-weight: 400;\">Formulario de contacto<\/span><\/h5>\n<p><span style=\"font-weight: 400;\">De conformidad con lo establecido en la normativa vigente en Protecci\u00f3n de Datos de Car\u00e1cter Personal, le informamos de que sus datos ser\u00e1n incorporados al sistema de tratamiento titularidad de Fran Posadas Garcia con DNI 40369739R y domicilio social sito en Ctra. De Sils 39, 17430 Santa Coloma de Farners (Girona), con el fin de atender sus consultas y remitirle comunicaciones comerciales que puedan ser de su inter\u00e9s. En cumplimiento con la normativa vigente, Fran Posadas Garcia informa que los datos ser\u00e1n conservados durante el plazo estrictamente necesario para cumplir con los preceptos mencionados anteriormente.<\/span><\/p>\n<p><span style=\"font-weight: 400;\">Mientras no nos comunique lo contrario, entenderemos que sus datos no han sido modificados, que usted se compromete a notificarnos cualquier variaci\u00f3n y que tenemos su consentimiento para utilizarlos para las finalidades mencionadas. Fran Posadas Garcia informa que proceder\u00e1 a tratar los datos de manera l\u00edcita, leal, transparente, adecuada, pertinente, limitada, exacta y actualizada. Es por ello que Fran Posadas Garcia se compromete a adoptar todas las medidas razonables para que estos se supriman o rectifiquen sin dilaci\u00f3n cuando sean inexactos.<\/span><\/p>\n<p><span style=\"font-weight: 400;\">De acuerdo con los derechos que le confiere la normativa vigente en protecci\u00f3n de datos podr\u00e1 ejercer los derechos de acceso, rectificaci\u00f3n, limitaci\u00f3n de tratamiento, supresi\u00f3n, portabilidad y oposici\u00f3n al tratamiento de sus datos de car\u00e1cter personal, as\u00ed como del consentimiento prestado por el tratamiento de estos, dirigiendo su petici\u00f3n a la direcci\u00f3n postal arriba indicada o al correo electr\u00f3nico <\/span><b><a href=\"mailto:fran@pgadvocats.com\">fran@pgadvocats.com<\/a><\/b><span style=\"font-weight: 400;\">.<\/span><\/p>\n<p><span style=\"font-weight: 400;\">Asimismo, y de acuerdo con lo establecido en la Ley 34\/2002, de 11 de julio, de Servicios de la Sociedad de la Informaci\u00f3n y de Comercio Electr\u00f3nico, en su art\u00edculo 21, solicitamos tambi\u00e9n su consentimiento expreso para enviarle publicidad de nuestros productos o promociones que consideramos puedan ser de su inter\u00e9s, por correo electr\u00f3nico o por cualquier otro medio de comunicaci\u00f3n electr\u00f3nica equivalente. Este consentimiento expreso obtendr\u00e1 al seleccionar la opci\u00f3n de \u00abacepto recibir publicidad y \/ o informaci\u00f3n promocional\u00bb de los formularios de contacto de la web.<\/span><\/p>\n<p>&nbsp;<\/p>\n<p><span style=\"font-weight: 400;\">Le informamos que podr\u00e1 revocar en cualquier momento el consentimiento prestado a la recepci\u00f3n de comunicaciones comerciales enviando un correo electr\u00f3nico a la direcci\u00f3n de correo electr\u00f3nico: <\/span><b><a href=\"mailto:fran@pgadvocats.com\" target=\"_blank\" rel=\"noopener noreferrer\">fran@pgadvocats.com<\/a> <a href=\"mailto:fran@pgadvocats.com\" target=\"_blank\" rel=\"noopener noreferrer\">.<\/a><\/b><span style=\"font-weight: 400;\">. Podr\u00e1 dirigirse a la Autoridad de Control competente para presentar la reclamaci\u00f3n que considere oportuna.<\/span><\/p>\n<\/div><\/div><\/div><\/div><\/div>\n","protected":false},"excerpt":{"rendered":"","protected":false},"author":1,"featured_media":0,"parent":0,"menu_order":0,"comment_status":"closed","ping_status":"closed","template":"","meta":{"footnotes":""},"class_list":["post-5675","page","type-page","status-publish","hentry"],"_links":{"self":[{"href":"https:\/\/www.pgadvocats.com\/es\/wp-json\/wp\/v2\/pages\/5675","targetHints":{"allow":["GET"]}}],"collection":[{"href":"https:\/\/www.pgadvocats.com\/es\/wp-json\/wp\/v2\/pages"}],"about":[{"href":"https:\/\/www.pgadvocats.com\/es\/wp-json\/wp\/v2\/types\/page"}],"author":[{"embeddable":true,"href":"https:\/\/www.pgadvocats.com\/es\/wp-json\/wp\/v2\/users\/1"}],"replies":[{"embeddable":true,"href":"https:\/\/www.pgadvocats.com\/es\/wp-json\/wp\/v2\/comments?post=5675"}],"version-history":[{"count":0,"href":"https:\/\/www.pgadvocats.com\/es\/wp-json\/wp\/v2\/pages\/5675\/revisions"}],"wp:attachment":[{"href":"https:\/\/www.pgadvocats.com\/es\/wp-json\/wp\/v2\/media?parent=5675"}],"curies":[{"name":"wp","href":"https:\/\/api.w.org\/{rel}","templated":true}]}}