{"id":5674,"date":"2022-09-19T07:23:55","date_gmt":"2022-09-19T07:23:55","guid":{"rendered":"https:\/\/www.pgadvocats.com\/landing-product-home\/politica-de-cookies\/"},"modified":"2022-09-19T07:23:55","modified_gmt":"2022-09-19T07:23:55","slug":"politica-de-cookies","status":"publish","type":"page","link":"https:\/\/www.pgadvocats.com\/es\/landing-product-home\/politica-de-cookies\/","title":{"rendered":"Pol\u00edtica de cookies"},"content":{"rendered":"<div class=\"fusion-fullwidth fullwidth-box fusion-builder-row-1 fusion-flex-container nonhundred-percent-fullwidth non-hundred-percent-height-scrolling\" style=\"--awb-border-radius-top-left:0px;--awb-border-radius-top-right:0px;--awb-border-radius-bottom-right:0px;--awb-border-radius-bottom-left:0px;\" ><div class=\"fusion-builder-row fusion-row fusion-flex-align-items-flex-start\" style=\"max-width:1248px;margin-left: calc(-4% \/ 2 );margin-right: calc(-4% \/ 2 );\"><div class=\"fusion-layout-column fusion_builder_column fusion-builder-column-0 fusion_builder_column_1_1 1_1 fusion-flex-column\" style=\"--awb-bg-size:cover;--awb-width-large:100%;--awb-margin-top-large:0px;--awb-spacing-right-large:1.92%;--awb-margin-bottom-large:0px;--awb-spacing-left-large:1.92%;--awb-width-medium:100%;--awb-spacing-right-medium:1.92%;--awb-spacing-left-medium:1.92%;--awb-width-small:100%;--awb-spacing-right-small:1.92%;--awb-spacing-left-small:1.92%;\"><div class=\"fusion-column-wrapper fusion-flex-justify-content-flex-start fusion-content-layout-column\"><div class=\"fusion-text fusion-text-1\"><h1><span style=\"font-weight: 400;\">Pol\u00edtica de cookies<\/span><\/h1>\n<p><span style=\"font-weight: 400;\">Una Cookie es un fichero que se descarga en su ordenador al acceder a determinadas p\u00e1ginas web. Las cookies permiten a una p\u00e1gina web, entre otras cosas, almacenar y recuperar informaci\u00f3n sobre los h\u00e1bitos de navegaci\u00f3n de un usuario o de su equipo y, dependiendo de la informaci\u00f3n que contenga y de la forma en que utilice su equipo, pueden utilizarse para reconocer al usuario.<\/span><span style=\"font-weight: 400;\"><br \/>\n<\/span><span style=\"font-weight: 400;\">Las cookies son esenciales para el funcionamiento de internet, aportando innumerables ventajas en la prestaci\u00f3n de servicios interactivos, facilit\u00e1ndole la navegaci\u00f3n y usabilidad de nuestra web.<\/span><\/p>\n<p><span style=\"font-weight: 400;\"><br \/>\n<\/span><span style=\"font-weight: 400;\">La informaci\u00f3n que le proporcionamos a continuaci\u00f3n, le ayudar\u00e1 a comprender los diferentes tipos de cookies:<\/span><\/p>\n<table>\n<tbody>\n<tr>\n<td colspan=\"3\">\n<h4><b>TIPOS DE COOKIES<\/b><\/h4>\n<\/td>\n<\/tr>\n<tr>\n<td rowspan=\"2\"><span style=\"font-weight: 400;\">SEG\u00daN LA ENTIDAD QUE LAS GESTIONE<\/span><\/td>\n<td><span style=\"font-weight: 400;\">Cookies propias<\/span><\/td>\n<td><span style=\"font-weight: 400;\">Son aquellas que se recaban por el propio editor para prestar el servicio solicitado por el usuario.<\/span><\/td>\n<\/tr>\n<tr>\n<td><span style=\"font-weight: 400;\">Cookies de terceros<\/span><\/td>\n<td><span style=\"font-weight: 400;\">Son aquellas que son recabadas y gestionadas por un tercero, estas no se pueden considerar propias.<\/span><\/td>\n<\/tr>\n<tr>\n<td rowspan=\"2\"><span style=\"font-weight: 400;\">SEG\u00daN EL PLAZO DE TIEMPO QUE PERMANEZCAN ACTIVADAS<\/span><\/td>\n<td><span style=\"font-weight: 400;\">Cookies de sesi\u00f3n<\/span><\/td>\n<td><span style=\"font-weight: 400;\">Recaban datos mientras el usuario navega por la red con la finalidad de prestar el servicio solicitado.<\/span><\/td>\n<\/tr>\n<tr>\n<td><span style=\"font-weight: 400;\">Cookies persistentes<\/span><\/td>\n<td><span style=\"font-weight: 400;\">Se almacenan en el terminal y la informaci\u00f3n obtenida, ser\u00e1 utilizada por el responsable de la cookie con la finalidad de prestar el servicio solicitado.<\/span><\/td>\n<\/tr>\n<tr>\n<td rowspan=\"5\"><span style=\"font-weight: 400;\">SEG\u00daN SU FINALIDAD<\/span><\/td>\n<td><span style=\"font-weight: 400;\">Cookies t\u00e9cnicas<\/span><\/td>\n<td><span style=\"font-weight: 400;\">Son las necesarias para la correcta navegaci\u00f3n por la web.<\/span><\/td>\n<\/tr>\n<tr>\n<td><span style=\"font-weight: 400;\">Cookies de personalizaci\u00f3n<\/span><\/td>\n<td><span style=\"font-weight: 400;\">Permiten al usuario las caracter\u00edsticas (idioma) para la navegaci\u00f3n por la website<\/span><\/td>\n<\/tr>\n<tr>\n<td><span style=\"font-weight: 400;\">Cookies de an\u00e1lisis<\/span><\/td>\n<td><span style=\"font-weight: 400;\">Permiten al prestador el an\u00e1lisis vinculado a la navegaci\u00f3n realizada por el usuario, con la finalidad de llevar un seguimiento de uso de la p\u00e1gina web, as\u00ed como realizar estad\u00edsticas de los contenidos m\u00e1s visitados, n\u00famero de visitantes, etc.<\/span><\/td>\n<\/tr>\n<tr>\n<td><span style=\"font-weight: 400;\">Cookies publicitarias<\/span><\/td>\n<td><span style=\"font-weight: 400;\">Permiten al editor incluir en la web, espacios publicitarios, seg\u00fan el contenido de la propia web.<\/span><\/td>\n<\/tr>\n<tr>\n<td><span style=\"font-weight: 400;\">Cookies de publicidad comportamental<\/span><\/td>\n<td><span style=\"font-weight: 400;\">Permiten al editor incluir en la p\u00e1gina web espacios publicitarios seg\u00fan la informaci\u00f3n obtenida a trav\u00e9s de los h\u00e1bitos de navegaci\u00f3n del usuario.<\/span><\/td>\n<\/tr>\n<\/tbody>\n<\/table>\n<p><span style=\"font-weight: 400;\"> <\/span><\/p>\n<p><span style=\"font-weight: 400;\">Seg\u00fan lo dispuesto en el art\u00edculo 22.2 de la Ley 34\/2002, de 11 de julio, de Servicios de la Sociedad de la Informaci\u00f3n y de Comercio Electr\u00f3nico (LSSI-CE), Fran Posadas Garcia informa de las cookies utilizadas en nuestra website:<\/span><\/p>\n<p>&nbsp;<\/p>\n<table>\n<tbody>\n<tr>\n<td><\/td>\n<td><\/td>\n<td colspan=\"4\">\n<h4><b>TIPOS DE COOKIES<\/b><\/h4>\n<\/td>\n<\/tr>\n<tr>\n<td><\/td>\n<td><\/td>\n<td><span style=\"font-weight: 400;\">Cookies propias<\/span><\/td>\n<td><span style=\"font-weight: 400;\">Cookies de terceros<\/span><\/td>\n<td><span style=\"font-weight: 400;\">Cookies de sesi\u00f3n<\/span><\/td>\n<td><span style=\"font-weight: 400;\">Cookies persistentes<\/span><\/td>\n<\/tr>\n<tr>\n<td rowspan=\"5\">\n<h4><b>FINALIDAD<\/b><\/h4>\n<\/td>\n<td><span style=\"font-weight: 400;\">Cookies t\u00e9cnicas<\/span><\/td>\n<td><span style=\"font-weight: 400;\">x<\/span><\/td>\n<td><\/td>\n<td><span style=\"font-weight: 400;\">x<\/span><\/td>\n<td><\/td>\n<\/tr>\n<tr>\n<td><span style=\"font-weight: 400;\">Cookies de personalizaci\u00f3n<\/span><\/td>\n<td><span style=\"font-weight: 400;\">x<\/span><\/td>\n<td><\/td>\n<td><\/td>\n<td><\/td>\n<\/tr>\n<tr>\n<td><span style=\"font-weight: 400;\">Cookies de an\u00e1lisis<\/span><\/td>\n<td><\/td>\n<td><span style=\"font-weight: 400;\">x<\/span><\/td>\n<td><\/td>\n<td><\/td>\n<\/tr>\n<tr>\n<td><span style=\"font-weight: 400;\">Cookies publicitarias<\/span><\/td>\n<td><\/td>\n<td><span style=\"font-weight: 400;\">x<\/span><\/td>\n<td><\/td>\n<td><\/td>\n<\/tr>\n<tr>\n<td><span style=\"font-weight: 400;\">Cookies de publicidad comportamental<\/span><\/td>\n<td><\/td>\n<td><\/td>\n<td><\/td>\n<td><\/td>\n<\/tr>\n<\/tbody>\n<\/table>\n<p>&nbsp;<\/p>\n<p><span style=\"font-weight: 400;\">Asimismo, Fran Posadas Garcia informa al usuario de que tiene la posibilidad de configurar su navegador de modo que se le informe de la recepci\u00f3n de cookies, pudiendo, si as\u00ed lo desea, impedir que sean instaladas en su disco duro. A continuaci\u00f3n, le proporcionamos los enlaces de diversos navegadores, a trav\u00e9s de los cuales podr\u00e1 realizar dicha configuraci\u00f3n:<\/span><\/p>\n<p><span style=\"font-weight: 400;\">\u2013 Firefox desde aqu\u00ed: <a href=\"http:\/\/support.mozilla.org\/es\/kb\/habilitar-y-deshabilitar-cookies-que-los-sitios-we\">http:\/\/support.mozilla.org\/es\/kb\/habilitar-y-deshabilitar-cookies-que-los-sitios-we<\/a><\/span><\/p>\n<p><span style=\"font-weight: 400;\">\u2013 Chrome desde aqu\u00ed: <a href=\"http:\/\/support.google.com\/chrome\/bin\/answer.py?hl=es&amp;answer=95647\">http:\/\/support.google.com\/chrome\/bin\/answer.py?hl=es&amp;answer=95647<\/a><\/span><\/p>\n<p><span style=\"font-weight: 400;\">\u2013 Explorer desde aqu\u00ed:<a href=\"http:\/\/windows.microsoft.com\/es-es\/internet-explorer\/delete-manage-cookies#ie=ie-10\"> http:\/\/windows.microsoft.com\/es-es\/internet-explorer\/delete-manage-cookies#ie=ie-10<\/a><\/span><\/p>\n<p><span style=\"font-weight: 400;\">\u2013 Safari desde aqu\u00ed: <a href=\"https:\/\/support.apple.com\/kb\/ph17191?locale=es_ES\">https:\/\/support.apple.com\/kb\/ph17191?locale=es_ES<\/a><\/span><\/p>\n<p><span style=\"font-weight: 400;\">\u2013 Opera desde aqu\u00ed: <a href=\"http:\/\/help.opera.com\/Windows\/11.50\/es-ES\/cookies.html\">http:\/\/help.opera.com\/Windows\/11.50\/es-ES\/cookies.html<\/a><\/span><\/p>\n<\/div><\/div><\/div><\/div><\/div>\n","protected":false},"excerpt":{"rendered":"","protected":false},"author":1,"featured_media":0,"parent":5670,"menu_order":0,"comment_status":"closed","ping_status":"closed","template":"","meta":{"footnotes":""},"class_list":["post-5674","page","type-page","status-publish","hentry"],"_links":{"self":[{"href":"https:\/\/www.pgadvocats.com\/es\/wp-json\/wp\/v2\/pages\/5674","targetHints":{"allow":["GET"]}}],"collection":[{"href":"https:\/\/www.pgadvocats.com\/es\/wp-json\/wp\/v2\/pages"}],"about":[{"href":"https:\/\/www.pgadvocats.com\/es\/wp-json\/wp\/v2\/types\/page"}],"author":[{"embeddable":true,"href":"https:\/\/www.pgadvocats.com\/es\/wp-json\/wp\/v2\/users\/1"}],"replies":[{"embeddable":true,"href":"https:\/\/www.pgadvocats.com\/es\/wp-json\/wp\/v2\/comments?post=5674"}],"version-history":[{"count":0,"href":"https:\/\/www.pgadvocats.com\/es\/wp-json\/wp\/v2\/pages\/5674\/revisions"}],"up":[{"embeddable":true,"href":"https:\/\/www.pgadvocats.com\/es\/wp-json\/wp\/v2\/pages\/5670"}],"wp:attachment":[{"href":"https:\/\/www.pgadvocats.com\/es\/wp-json\/wp\/v2\/media?parent=5674"}],"curies":[{"name":"wp","href":"https:\/\/api.w.org\/{rel}","templated":true}]}}